{"id":22,"date":"2020-12-08T22:02:26","date_gmt":"2020-12-08T22:02:26","guid":{"rendered":"https:\/\/acontad.com\/?page_id=22"},"modified":"2020-12-08T22:02:26","modified_gmt":"2020-12-08T22:02:26","slug":"portafolio-de-servicios","status":"publish","type":"page","link":"https:\/\/acontad.com\/index.php\/portafolio-de-servicios\/","title":{"rendered":"Portafolio de servicios"},"content":{"rendered":"\n<p><strong><em>ASESORIA CONTABLE<\/em><\/strong><\/p>\n\n\n\n<p>Nuestro portafolio de servicios abarca funciones contables cotidianas de las operaciones comerciales, garantiz\u00e1ndole un completo respaldo profesional, adem\u00e1s de la conservaci\u00f3n y adecuada custodia de dicha informaci\u00f3n, permitiendo que usted dedique m\u00e1s tiempo al objetivo de su organizaci\u00f3n y con esto aumente sus posibilidades de negocio.<\/p>\n\n\n\n<p>Entre los procesos que realizamos para llevar su&nbsp;<strong>contabilidad<\/strong>&nbsp;se encuentran:<\/p>\n\n\n\n<ul><li>Planificaci\u00f3n y organizaci\u00f3n contable<\/li><li>Codificaci\u00f3n, contabilizaci\u00f3n y an\u00e1lisis de operaciones.<\/li><li>Implementaci\u00f3n de la contabilidad sistematizada<\/li><li>Elaboraci\u00f3n de Estados Financieros Tributarios<\/li><li>Elaboraci\u00f3n de Estado Financieros bajo el nuevo marco normativo NIIF<\/li><li>Elaboraci\u00f3n de reportes a entidades de control.<\/li><li>Elaboraci\u00f3n de declaraciones tributarias de orden Departamentales y Nacional.<\/li><li>Contabilidad General<\/li><\/ul>\n\n\n\n<p>Se presta asesor\u00eda permanente, teniendo en cuenta el tipo de cliente y sus obligaciones, la cual incluye visitas peri\u00f3dicas de un grupo de trabajo con el fin d recopilar la informaci\u00f3n contable para la realizaci\u00f3n de la labor contable.<\/p>\n\n\n\n<p>Antes de iniciar cualquiera de las actividades encomendadas ACONTAD evaluara los procesos existentes, con el fin de determinar un plan de acci\u00f3n para desarrollar la labor.<\/p>\n\n\n\n<p><strong><em>ASESORIA TRIBUTARIA<\/em><\/strong><\/p>\n\n\n\n<p><strong>Asesor\u00eda de Impuestos<\/strong>: Evaluando los procedimientos existentes en el \u00e1rea de impuestos, con el fin de evitar sanciones onerosas y mayores impuestos.<\/p>\n\n\n\n<p>Nuestro objetivo es prestar asistencia en aspectos de car\u00e1cter tributario o fiscal abarcando la planificaci\u00f3n, consultor\u00eda y control durante el ejercicio fiscal, hasta la preparaci\u00f3n y\/o revisi\u00f3n de las declaraciones tributarias<\/p>\n\n\n\n<p>Se da cumplimiento oportuno de las obligaciones legales tales como: \u00fc&nbsp; IMPUESTOS: Elaboramos sus declaraciones de impuestos Nacionales, Renta, Declaraci\u00f3n de retenci\u00f3n en la Fuente, Industria y Comercio, declaraci\u00f3n de Auto retenci\u00f3n mensual. &nbsp; \u00fc&nbsp; MEDIOS MAGNETICOS Elaboramos la informaci\u00f3n Ex\u00f3gena para presentar anualmente ante la Direcci\u00f3n de Impuestos y Aduanas Nacionales &#8211; Dian.<\/p>\n\n\n\n<p><strong><em>ASESORIA LABORAL<\/em><\/strong> &nbsp; ACONTAD administrar\u00e1 la n\u00f3mina de los empleados, realizando todo el proceso de liquidaci\u00f3n peri\u00f3dica del salario bruto, deducciones y salario neto de cada empleado, liquidaci\u00f3n de aportes al sistema de seguridad social y parafiscal, con base en el informe de tiempo trabajado y novedades de n\u00f3mina suministrados por el empleador. &nbsp; \u00fc&nbsp; Gesti\u00f3n de la n\u00f3mina de forma mensual o quincenal \u00fc&nbsp; Preparaci\u00f3n de las autoliquidaciones de pensi\u00f3n, salud y ARP, y aportes a cajas de compensaci\u00f3n familiar \u00fc&nbsp; Liquidaci\u00f3n de horas extras con base en la informaci\u00f3n suministrada \u00fc&nbsp; Liquidaci\u00f3n de prestaciones sociales &nbsp;<\/p>\n\n\n\n<p><strong><em><u>OTROS SERVICIOS<\/u><\/em><\/strong><\/p>\n\n\n\n<p>SUPERINTENDENCIA DE SOCIEDADES<\/p>\n\n\n\n<p>Atendemos lo concerniente a requerimientos de los informes solicitados por parta de esta superintendencia, en lo referente al informe financiero y el informe de pr\u00e1cticas empresariales.<\/p>\n\n\n\n<p>DANE<\/p>\n\n\n\n<p>Esta entidad requiere a las empresas informaci\u00f3n estad\u00edstica mediante los informes llamados muestra mensual de comercio y los informes anuales de comercio.<\/p>\n\n\n\n<p><strong><em>PROCESO DE CONVERGENCIA A ESTANDARES INTERNACIONALES DE CONTABILIDAD<\/em><\/strong><\/p>\n\n\n\n<ul><li>LEY 1314 DE 2009 y sus decretos reglamentarios<\/li><\/ul>\n\n\n\n<p>Actualmente ya est\u00e1 implementado el proceso de implementaci\u00f3n de las normas internacionales de informaci\u00f3n financiera &#8211; NIIF en algunas compa\u00f1\u00edas del mercado local las cuales han depositado su confianza en nuestra organizaci\u00f3n, para llevar a cabo esta importante decisi\u00f3n que implica un esfuerzo significativo entre los nuevos y experimentados empresarios de la isla.<\/p>\n\n\n\n<p><strong><em>PROPUESTA ECONOMICA<\/em><\/strong><\/p>\n\n\n\n<p>Para definir los costos del servicio de outsoursing se realiza previo un diagn\u00f3stico de la empresa, el cual nos define razonablemente el valor de nuestros servicios.<\/p>\n","protected":false},"excerpt":{"rendered":"<p>ASESORIA CONTABLE Nuestro portafolio de servicios abarca funciones contables cotidianas de las operaciones comerciales, garantiz\u00e1ndole un completo respaldo profesional, adem\u00e1s de la conservaci\u00f3n y adecuada custodia de dicha informaci\u00f3n, permitiendo que usted dedique m\u00e1s tiempo al objetivo de su organizaci\u00f3n y con esto aumente sus posibilidades de negocio. Entre los procesos que realizamos para llevar [&hellip;]<\/p>\n","protected":false},"author":1,"featured_media":0,"parent":0,"menu_order":0,"comment_status":"closed","ping_status":"closed","template":"","meta":[],"_links":{"self":[{"href":"https:\/\/acontad.com\/index.php\/wp-json\/wp\/v2\/pages\/22"}],"collection":[{"href":"https:\/\/acontad.com\/index.php\/wp-json\/wp\/v2\/pages"}],"about":[{"href":"https:\/\/acontad.com\/index.php\/wp-json\/wp\/v2\/types\/page"}],"author":[{"embeddable":true,"href":"https:\/\/acontad.com\/index.php\/wp-json\/wp\/v2\/users\/1"}],"replies":[{"embeddable":true,"href":"https:\/\/acontad.com\/index.php\/wp-json\/wp\/v2\/comments?post=22"}],"version-history":[{"count":1,"href":"https:\/\/acontad.com\/index.php\/wp-json\/wp\/v2\/pages\/22\/revisions"}],"predecessor-version":[{"id":23,"href":"https:\/\/acontad.com\/index.php\/wp-json\/wp\/v2\/pages\/22\/revisions\/23"}],"wp:attachment":[{"href":"https:\/\/acontad.com\/index.php\/wp-json\/wp\/v2\/media?parent=22"}],"curies":[{"name":"wp","href":"https:\/\/api.w.org\/{rel}","templated":true}]}}