{"id":27,"date":"2020-12-08T22:17:37","date_gmt":"2020-12-08T22:17:37","guid":{"rendered":"https:\/\/acontad.com\/?page_id=27"},"modified":"2020-12-09T02:48:46","modified_gmt":"2020-12-09T02:48:46","slug":"acontad","status":"publish","type":"page","link":"https:\/\/acontad.com\/index.php\/acontad\/","title":{"rendered":"ACONTAD"},"content":{"rendered":"\n<p>Somos una organizaci\u00f3n dedicada a prestaci\u00f3n de servicios de outsourcing&nbsp;a las empresas del Departamento Archipi\u00e9lago de San Andr\u00e9s, en los siguientes campos:<\/p>\n\n\n\n<p>1. Asesor\u00eda contable<\/p>\n\n\n\n<p>2. Asesor\u00eda Tributaria<\/p>\n\n\n\n<p>3. Asesor\u00eda Laboral<\/p>\n\n\n\n<p>Nuestra empresa posee una vasta experiencia en los servicios que ofrece ya que cuenta con un grupo heterog\u00e9neo de profesionales en Contadur\u00eda p\u00fablica y Administraci\u00f3n de Empresas, con m\u00e1s de 20 a\u00f1os de experiencia.<\/p>\n\n\n\n<p>Cada uno de los profesionales que participan en el portafolio, peri\u00f3dicamente actualizan sus conocimientos en la medida que la normatividad es modificada.<\/p>\n\n\n\n<p>\u00a0Nuestros clientes pertenecen a diversos sectores de la econom\u00eda de la isla tales como:<\/p>\n\n\n\n<p>XXXXXX<\/p>\n\n\n\n<p>A trav\u00e9s del proceso de conocimiento y evaluaci\u00f3n del manejo de las operaciones contables y del sistema de informaci\u00f3n, identificamos los cambios que puedan requerirse y presentamos recomendaciones para optimizar el flujo de la informaci\u00f3n contable.<\/p>\n\n\n\n<p>La informaci\u00f3n se procesa y supervisa, en las instalaciones de los clientes o en las nuestras, por los distintos niveles de funcionarios de ACONTAD.<\/p>\n\n\n\n<p>Nuestro servicio busca mejorar el desempe\u00f1o de nuestros clientes, brindado respuestas a la medida de sus necesidades, basados en principios \u00e9ticos, econ\u00f3micos y legales.<\/p>\n\n\n\n<p>Combinamos nuestra experiencia con un sistema de contabilidad llamado WORL OFFICE para proveer a nuestros clientes de soluciones eficaces que abarquen todo el proceso de registro de transacciones, generaci\u00f3n de informes, declaraci\u00f3n y presentaci\u00f3n impuestos e informes requeridos por parte de la superintendencia encargada de vigilarla.<\/p>\n","protected":false},"excerpt":{"rendered":"<p>Somos una organizaci\u00f3n dedicada a prestaci\u00f3n de servicios de outsourcing&nbsp;a las empresas del Departamento Archipi\u00e9lago de San Andr\u00e9s, en los siguientes campos: 1. Asesor\u00eda contable 2. Asesor\u00eda Tributaria 3. Asesor\u00eda Laboral Nuestra empresa posee una vasta experiencia en los servicios que ofrece ya que cuenta con un grupo heterog\u00e9neo de profesionales en Contadur\u00eda p\u00fablica y [&hellip;]<\/p>\n","protected":false},"author":1,"featured_media":0,"parent":0,"menu_order":0,"comment_status":"closed","ping_status":"closed","template":"","meta":[],"_links":{"self":[{"href":"https:\/\/acontad.com\/index.php\/wp-json\/wp\/v2\/pages\/27"}],"collection":[{"href":"https:\/\/acontad.com\/index.php\/wp-json\/wp\/v2\/pages"}],"about":[{"href":"https:\/\/acontad.com\/index.php\/wp-json\/wp\/v2\/types\/page"}],"author":[{"embeddable":true,"href":"https:\/\/acontad.com\/index.php\/wp-json\/wp\/v2\/users\/1"}],"replies":[{"embeddable":true,"href":"https:\/\/acontad.com\/index.php\/wp-json\/wp\/v2\/comments?post=27"}],"version-history":[{"count":2,"href":"https:\/\/acontad.com\/index.php\/wp-json\/wp\/v2\/pages\/27\/revisions"}],"predecessor-version":[{"id":44,"href":"https:\/\/acontad.com\/index.php\/wp-json\/wp\/v2\/pages\/27\/revisions\/44"}],"wp:attachment":[{"href":"https:\/\/acontad.com\/index.php\/wp-json\/wp\/v2\/media?parent=27"}],"curies":[{"name":"wp","href":"https:\/\/api.w.org\/{rel}","templated":true}]}}